{"id":14,"date":"2019-11-20T10:44:38","date_gmt":"2019-11-20T09:44:38","guid":{"rendered":"https:\/\/www.nbc-journal.org\/?page_id=14"},"modified":"2021-08-18T09:54:33","modified_gmt":"2021-08-18T07:54:33","slug":"aims-and-scope","status":"publish","type":"page","link":"https:\/\/www.nbc-journal.org\/?page_id=14","title":{"rendered":"Aims and scope"},"content":{"rendered":"\n<p>Nova Biotechnologica et Chimica provides a forum for the publication of original papers in in all branchies of biotechnology as well as chemistry in living sytems. Scientific papers dealing with molecular biology, microbiology, biochemistry, genetics, bioinformatics, ecology, and other scientific disciplines, related to living organisms, their components, and applications will be especially appreciated.<\/p>\n\n\n\n<p><strong>Why subscribe and read<\/strong><\/p>\n\n\n\n<p>The objectives are to report on the latest research achievements and to disseminate the articles freely for scientific community.<\/p>\n\n\n\n<p><strong>Why submit<\/strong><\/p>\n\n\n\n<ul class=\"wp-block-list\"><li>Fast peer review and objective decision<\/li><li>Individualized support and guidance from experienced editors<\/li><li>Unrestricted access of published works for all users due to the <em>open access <\/em>model<\/li><li>No publication fee<\/li><li>Export of articles to a large number of abstracting and indexing services, citation indexes, and discovery services<\/li><\/ul>\n","protected":false},"excerpt":{"rendered":"<p>Nova Biotechnologica et Chimica provides a forum for the publication of original papers in in all branchies of biotechnology as well as chemistry in living sytems. Scientific papers dealing with molecular biology, microbiology, biochemistry,&#46;&#46;&#46;<\/p>\n","protected":false},"author":1,"featured_media":0,"parent":0,"menu_order":0,"comment_status":"closed","ping_status":"closed","template":"","meta":{"footnotes":""},"class_list":["post-14","page","type-page","status-publish","hentry"],"yoast_head":"<!-- This site is optimized with the Yoast SEO plugin v27.5 - https:\/\/yoast.com\/product\/yoast-seo-wordpress\/ -->\n<title>Aims and scope - Nova Biotechnologica et Chimica<\/title>\n<meta name=\"robots\" content=\"index, follow, max-snippet:-1, max-image-preview:large, max-video-preview:-1\" \/>\n<link rel=\"canonical\" href=\"https:\/\/www.nbc-journal.org\/?page_id=14\" \/>\n<meta property=\"og:locale\" content=\"sk_SK\" \/>\n<meta property=\"og:type\" content=\"article\" \/>\n<meta property=\"og:title\" content=\"Aims and scope - Nova Biotechnologica et Chimica\" \/>\n<meta property=\"og:description\" content=\"Nova Biotechnologica et Chimica provides a forum for the publication of original papers in in all branchies of biotechnology as well as chemistry in living sytems. Scientific papers dealing with molecular biology, microbiology, biochemistry,&#046;&#046;&#046;\" \/>\n<meta property=\"og:url\" content=\"https:\/\/www.nbc-journal.org\/?page_id=14\" \/>\n<meta property=\"og:site_name\" content=\"Nova Biotechnologica et Chimica\" \/>\n<meta property=\"article:modified_time\" content=\"2021-08-18T07:54:33+00:00\" \/>\n<meta name=\"twitter:card\" content=\"summary_large_image\" \/>\n<meta name=\"twitter:label1\" content=\"Predpokladan\u00fd \u010das \u010d\u00edtania\" \/>\n\t<meta name=\"twitter:data1\" content=\"1 min\u00fata\" \/>\n<script type=\"application\/ld+json\" class=\"yoast-schema-graph\">{\"@context\":\"https:\\\/\\\/schema.org\",\"@graph\":[{\"@type\":\"WebPage\",\"@id\":\"https:\\\/\\\/www.nbc-journal.org\\\/?page_id=14\",\"url\":\"https:\\\/\\\/www.nbc-journal.org\\\/?page_id=14\",\"name\":\"Aims and scope - Nova Biotechnologica et Chimica\",\"isPartOf\":{\"@id\":\"https:\\\/\\\/www.nbc-journal.org\\\/#website\"},\"datePublished\":\"2019-11-20T09:44:38+00:00\",\"dateModified\":\"2021-08-18T07:54:33+00:00\",\"breadcrumb\":{\"@id\":\"https:\\\/\\\/www.nbc-journal.org\\\/?page_id=14#breadcrumb\"},\"inLanguage\":\"sk-SK\",\"potentialAction\":[{\"@type\":\"ReadAction\",\"target\":[\"https:\\\/\\\/www.nbc-journal.org\\\/?page_id=14\"]}]},{\"@type\":\"BreadcrumbList\",\"@id\":\"https:\\\/\\\/www.nbc-journal.org\\\/?page_id=14#breadcrumb\",\"itemListElement\":[{\"@type\":\"ListItem\",\"position\":1,\"name\":\"Home\",\"item\":\"https:\\\/\\\/www.nbc-journal.org\\\/\"},{\"@type\":\"ListItem\",\"position\":2,\"name\":\"Aims and scope\"}]},{\"@type\":\"WebSite\",\"@id\":\"https:\\\/\\\/www.nbc-journal.org\\\/#website\",\"url\":\"https:\\\/\\\/www.nbc-journal.org\\\/\",\"name\":\"Nova Biotechnologica et Chimica\",\"description\":\"Scientific journal (ISSN 1338-6905, eISSN 1339-004X)\",\"publisher\":{\"@id\":\"https:\\\/\\\/www.nbc-journal.org\\\/#organization\"},\"potentialAction\":[{\"@type\":\"SearchAction\",\"target\":{\"@type\":\"EntryPoint\",\"urlTemplate\":\"https:\\\/\\\/www.nbc-journal.org\\\/?s={search_term_string}\"},\"query-input\":{\"@type\":\"PropertyValueSpecification\",\"valueRequired\":true,\"valueName\":\"search_term_string\"}}],\"inLanguage\":\"sk-SK\"},{\"@type\":\"Organization\",\"@id\":\"https:\\\/\\\/www.nbc-journal.org\\\/#organization\",\"name\":\"SciCell\",\"url\":\"https:\\\/\\\/www.nbc-journal.org\\\/\",\"logo\":{\"@type\":\"ImageObject\",\"inLanguage\":\"sk-SK\",\"@id\":\"https:\\\/\\\/www.nbc-journal.org\\\/#\\\/schema\\\/logo\\\/image\\\/\",\"url\":\"https:\\\/\\\/www.nbc-journal.org\\\/wp-content\\\/uploads\\\/2020\\\/01\\\/cropped-logo.png\",\"contentUrl\":\"https:\\\/\\\/www.nbc-journal.org\\\/wp-content\\\/uploads\\\/2020\\\/01\\\/cropped-logo.png\",\"width\":639,\"height\":295,\"caption\":\"SciCell\"},\"image\":{\"@id\":\"https:\\\/\\\/www.nbc-journal.org\\\/#\\\/schema\\\/logo\\\/image\\\/\"}}]}<\/script>\n<!-- \/ Yoast SEO plugin. -->","yoast_head_json":{"title":"Aims and scope - Nova Biotechnologica et Chimica","robots":{"index":"index","follow":"follow","max-snippet":"max-snippet:-1","max-image-preview":"max-image-preview:large","max-video-preview":"max-video-preview:-1"},"canonical":"https:\/\/www.nbc-journal.org\/?page_id=14","og_locale":"sk_SK","og_type":"article","og_title":"Aims and scope - Nova Biotechnologica et Chimica","og_description":"Nova Biotechnologica et Chimica provides a forum for the publication of original papers in in all branchies of biotechnology as well as chemistry in living sytems. Scientific papers dealing with molecular biology, microbiology, biochemistry,&#46;&#46;&#46;","og_url":"https:\/\/www.nbc-journal.org\/?page_id=14","og_site_name":"Nova Biotechnologica et Chimica","article_modified_time":"2021-08-18T07:54:33+00:00","twitter_card":"summary_large_image","twitter_misc":{"Predpokladan\u00fd \u010das \u010d\u00edtania":"1 min\u00fata"},"schema":{"@context":"https:\/\/schema.org","@graph":[{"@type":"WebPage","@id":"https:\/\/www.nbc-journal.org\/?page_id=14","url":"https:\/\/www.nbc-journal.org\/?page_id=14","name":"Aims and scope - Nova Biotechnologica et Chimica","isPartOf":{"@id":"https:\/\/www.nbc-journal.org\/#website"},"datePublished":"2019-11-20T09:44:38+00:00","dateModified":"2021-08-18T07:54:33+00:00","breadcrumb":{"@id":"https:\/\/www.nbc-journal.org\/?page_id=14#breadcrumb"},"inLanguage":"sk-SK","potentialAction":[{"@type":"ReadAction","target":["https:\/\/www.nbc-journal.org\/?page_id=14"]}]},{"@type":"BreadcrumbList","@id":"https:\/\/www.nbc-journal.org\/?page_id=14#breadcrumb","itemListElement":[{"@type":"ListItem","position":1,"name":"Home","item":"https:\/\/www.nbc-journal.org\/"},{"@type":"ListItem","position":2,"name":"Aims and scope"}]},{"@type":"WebSite","@id":"https:\/\/www.nbc-journal.org\/#website","url":"https:\/\/www.nbc-journal.org\/","name":"Nova Biotechnologica et Chimica","description":"Scientific journal (ISSN 1338-6905, eISSN 1339-004X)","publisher":{"@id":"https:\/\/www.nbc-journal.org\/#organization"},"potentialAction":[{"@type":"SearchAction","target":{"@type":"EntryPoint","urlTemplate":"https:\/\/www.nbc-journal.org\/?s={search_term_string}"},"query-input":{"@type":"PropertyValueSpecification","valueRequired":true,"valueName":"search_term_string"}}],"inLanguage":"sk-SK"},{"@type":"Organization","@id":"https:\/\/www.nbc-journal.org\/#organization","name":"SciCell","url":"https:\/\/www.nbc-journal.org\/","logo":{"@type":"ImageObject","inLanguage":"sk-SK","@id":"https:\/\/www.nbc-journal.org\/#\/schema\/logo\/image\/","url":"https:\/\/www.nbc-journal.org\/wp-content\/uploads\/2020\/01\/cropped-logo.png","contentUrl":"https:\/\/www.nbc-journal.org\/wp-content\/uploads\/2020\/01\/cropped-logo.png","width":639,"height":295,"caption":"SciCell"},"image":{"@id":"https:\/\/www.nbc-journal.org\/#\/schema\/logo\/image\/"}}]}},"_links":{"self":[{"href":"https:\/\/www.nbc-journal.org\/index.php?rest_route=\/wp\/v2\/pages\/14","targetHints":{"allow":["GET"]}}],"collection":[{"href":"https:\/\/www.nbc-journal.org\/index.php?rest_route=\/wp\/v2\/pages"}],"about":[{"href":"https:\/\/www.nbc-journal.org\/index.php?rest_route=\/wp\/v2\/types\/page"}],"author":[{"embeddable":true,"href":"https:\/\/www.nbc-journal.org\/index.php?rest_route=\/wp\/v2\/users\/1"}],"replies":[{"embeddable":true,"href":"https:\/\/www.nbc-journal.org\/index.php?rest_route=%2Fwp%2Fv2%2Fcomments&post=14"}],"version-history":[{"count":2,"href":"https:\/\/www.nbc-journal.org\/index.php?rest_route=\/wp\/v2\/pages\/14\/revisions"}],"predecessor-version":[{"id":342,"href":"https:\/\/www.nbc-journal.org\/index.php?rest_route=\/wp\/v2\/pages\/14\/revisions\/342"}],"wp:attachment":[{"href":"https:\/\/www.nbc-journal.org\/index.php?rest_route=%2Fwp%2Fv2%2Fmedia&parent=14"}],"curies":[{"name":"wp","href":"https:\/\/api.w.org\/{rel}","templated":true}]}}