{"id":171,"date":"2020-01-08T15:52:50","date_gmt":"2020-01-08T14:52:50","guid":{"rendered":"https:\/\/www.nbc-journal.org\/?page_id=171"},"modified":"2025-04-07T13:44:23","modified_gmt":"2025-04-07T11:44:23","slug":"submit-manuscript","status":"publish","type":"page","link":"https:\/\/www.nbc-journal.org\/?page_id=171","title":{"rendered":"Submit manuscript"},"content":{"rendered":"\n<p>Dear colleague, please pay attention the following. Nova Biotechnologica et Chimica submission form was upgraded. Now, please use&nbsp;<a href=\"https:\/\/pkp.sfu.ca\/ojs\/\">Open Journal System (OJS)<\/a>&nbsp;developed by&nbsp;<a href=\"https:\/\/pkp.sfu.ca\/\">PKP Knowledge<\/a>&nbsp;for submission your article.<\/p>\n\n\n\n<p>Please read the&nbsp;<strong><a href=\"https:\/\/www.nbc-journal.org\/?page_id=18\">Instructions for Authors<\/a><\/strong>&nbsp;before submitting your manuscript. The manuscript files should give&nbsp;the last name of the first author, but it is not necessary. If you have any questions, please contact editorial office:&nbsp;<strong>editor@nbc-journal.org<\/strong><\/p>\n\n\n\n<p><strong>Submit manuscripts<\/strong>\u00a0via Open Journal System (OJS) supported by PKP Knowledge on\u00a0<a href=\"https:\/\/office.nbc-journal.org\/index.php\/NBC\/index\">NBC OFFICE<\/a>. Please create your account in OJS system. For correct submission you must be registered. Max 7 days after the acceptance, your manuscript will have a number assigned.<\/p>\n\n\n\n<p>Nova Biotechnologica et Chimica will accept manuscripts submitted via&nbsp;OJS, not as email attachment.<\/p>\n\n\n\n<p><strong>Submit your manuscript on this link: <\/strong><a href=\"https:\/\/office.nbc-journal.org\/index.php\/NBC\/index\">https:\/\/office.nbc-journal.org\/index.php\/NBC\/index<\/a><\/p>\n\n\n\n<p><\/p>\n","protected":false},"excerpt":{"rendered":"<p>Dear colleague, please pay attention the following. Nova Biotechnologica et Chimica submission form was upgraded. Now, please use&nbsp;Open Journal System (OJS)&nbsp;developed by&nbsp;PKP Knowledge&nbsp;for submission your article. Please read the&nbsp;Instructions for Authors&nbsp;before submitting your manuscript.&#46;&#46;&#46;<\/p>\n","protected":false},"author":1,"featured_media":0,"parent":0,"menu_order":0,"comment_status":"closed","ping_status":"closed","template":"","meta":{"footnotes":""},"class_list":["post-171","page","type-page","status-publish","hentry"],"yoast_head":"<!-- This site is optimized with the Yoast SEO plugin v27.4 - https:\/\/yoast.com\/product\/yoast-seo-wordpress\/ -->\n<title>Submit manuscript - Nova Biotechnologica et Chimica<\/title>\n<meta name=\"robots\" content=\"index, follow, max-snippet:-1, max-image-preview:large, max-video-preview:-1\" \/>\n<link rel=\"canonical\" href=\"https:\/\/www.nbc-journal.org\/?page_id=171\" \/>\n<meta property=\"og:locale\" content=\"sk_SK\" \/>\n<meta property=\"og:type\" content=\"article\" \/>\n<meta property=\"og:title\" content=\"Submit manuscript - Nova Biotechnologica et Chimica\" \/>\n<meta property=\"og:description\" content=\"Dear colleague, please pay attention the following. Nova Biotechnologica et Chimica submission form was upgraded. Now, please use&nbsp;Open Journal System (OJS)&nbsp;developed by&nbsp;PKP Knowledge&nbsp;for submission your article. Please read the&nbsp;Instructions for Authors&nbsp;before submitting your manuscript.&#046;&#046;&#046;\" \/>\n<meta property=\"og:url\" content=\"https:\/\/www.nbc-journal.org\/?page_id=171\" \/>\n<meta property=\"og:site_name\" content=\"Nova Biotechnologica et Chimica\" \/>\n<meta property=\"article:modified_time\" content=\"2025-04-07T11:44:23+00:00\" \/>\n<meta name=\"twitter:card\" content=\"summary_large_image\" \/>\n<meta name=\"twitter:label1\" content=\"Predpokladan\u00fd \u010das \u010d\u00edtania\" \/>\n\t<meta name=\"twitter:data1\" content=\"1 min\u00fata\" \/>\n<script type=\"application\/ld+json\" class=\"yoast-schema-graph\">{\"@context\":\"https:\\\/\\\/schema.org\",\"@graph\":[{\"@type\":\"WebPage\",\"@id\":\"https:\\\/\\\/www.nbc-journal.org\\\/?page_id=171\",\"url\":\"https:\\\/\\\/www.nbc-journal.org\\\/?page_id=171\",\"name\":\"Submit manuscript - Nova Biotechnologica et Chimica\",\"isPartOf\":{\"@id\":\"https:\\\/\\\/www.nbc-journal.org\\\/#website\"},\"datePublished\":\"2020-01-08T14:52:50+00:00\",\"dateModified\":\"2025-04-07T11:44:23+00:00\",\"breadcrumb\":{\"@id\":\"https:\\\/\\\/www.nbc-journal.org\\\/?page_id=171#breadcrumb\"},\"inLanguage\":\"sk-SK\",\"potentialAction\":[{\"@type\":\"ReadAction\",\"target\":[\"https:\\\/\\\/www.nbc-journal.org\\\/?page_id=171\"]}]},{\"@type\":\"BreadcrumbList\",\"@id\":\"https:\\\/\\\/www.nbc-journal.org\\\/?page_id=171#breadcrumb\",\"itemListElement\":[{\"@type\":\"ListItem\",\"position\":1,\"name\":\"Home\",\"item\":\"https:\\\/\\\/www.nbc-journal.org\\\/\"},{\"@type\":\"ListItem\",\"position\":2,\"name\":\"Submit manuscript\"}]},{\"@type\":\"WebSite\",\"@id\":\"https:\\\/\\\/www.nbc-journal.org\\\/#website\",\"url\":\"https:\\\/\\\/www.nbc-journal.org\\\/\",\"name\":\"Nova Biotechnologica et Chimica\",\"description\":\"Scientific journal (ISSN 1338-6905, eISSN 1339-004X)\",\"publisher\":{\"@id\":\"https:\\\/\\\/www.nbc-journal.org\\\/#organization\"},\"potentialAction\":[{\"@type\":\"SearchAction\",\"target\":{\"@type\":\"EntryPoint\",\"urlTemplate\":\"https:\\\/\\\/www.nbc-journal.org\\\/?s={search_term_string}\"},\"query-input\":{\"@type\":\"PropertyValueSpecification\",\"valueRequired\":true,\"valueName\":\"search_term_string\"}}],\"inLanguage\":\"sk-SK\"},{\"@type\":\"Organization\",\"@id\":\"https:\\\/\\\/www.nbc-journal.org\\\/#organization\",\"name\":\"SciCell\",\"url\":\"https:\\\/\\\/www.nbc-journal.org\\\/\",\"logo\":{\"@type\":\"ImageObject\",\"inLanguage\":\"sk-SK\",\"@id\":\"https:\\\/\\\/www.nbc-journal.org\\\/#\\\/schema\\\/logo\\\/image\\\/\",\"url\":\"https:\\\/\\\/www.nbc-journal.org\\\/wp-content\\\/uploads\\\/2020\\\/01\\\/cropped-logo.png\",\"contentUrl\":\"https:\\\/\\\/www.nbc-journal.org\\\/wp-content\\\/uploads\\\/2020\\\/01\\\/cropped-logo.png\",\"width\":639,\"height\":295,\"caption\":\"SciCell\"},\"image\":{\"@id\":\"https:\\\/\\\/www.nbc-journal.org\\\/#\\\/schema\\\/logo\\\/image\\\/\"}}]}<\/script>\n<!-- \/ Yoast SEO plugin. -->","yoast_head_json":{"title":"Submit manuscript - Nova Biotechnologica et Chimica","robots":{"index":"index","follow":"follow","max-snippet":"max-snippet:-1","max-image-preview":"max-image-preview:large","max-video-preview":"max-video-preview:-1"},"canonical":"https:\/\/www.nbc-journal.org\/?page_id=171","og_locale":"sk_SK","og_type":"article","og_title":"Submit manuscript - Nova Biotechnologica et Chimica","og_description":"Dear colleague, please pay attention the following. Nova Biotechnologica et Chimica submission form was upgraded. Now, please use&nbsp;Open Journal System (OJS)&nbsp;developed by&nbsp;PKP Knowledge&nbsp;for submission your article. Please read the&nbsp;Instructions for Authors&nbsp;before submitting your manuscript.&#46;&#46;&#46;","og_url":"https:\/\/www.nbc-journal.org\/?page_id=171","og_site_name":"Nova Biotechnologica et Chimica","article_modified_time":"2025-04-07T11:44:23+00:00","twitter_card":"summary_large_image","twitter_misc":{"Predpokladan\u00fd \u010das \u010d\u00edtania":"1 min\u00fata"},"schema":{"@context":"https:\/\/schema.org","@graph":[{"@type":"WebPage","@id":"https:\/\/www.nbc-journal.org\/?page_id=171","url":"https:\/\/www.nbc-journal.org\/?page_id=171","name":"Submit manuscript - Nova Biotechnologica et Chimica","isPartOf":{"@id":"https:\/\/www.nbc-journal.org\/#website"},"datePublished":"2020-01-08T14:52:50+00:00","dateModified":"2025-04-07T11:44:23+00:00","breadcrumb":{"@id":"https:\/\/www.nbc-journal.org\/?page_id=171#breadcrumb"},"inLanguage":"sk-SK","potentialAction":[{"@type":"ReadAction","target":["https:\/\/www.nbc-journal.org\/?page_id=171"]}]},{"@type":"BreadcrumbList","@id":"https:\/\/www.nbc-journal.org\/?page_id=171#breadcrumb","itemListElement":[{"@type":"ListItem","position":1,"name":"Home","item":"https:\/\/www.nbc-journal.org\/"},{"@type":"ListItem","position":2,"name":"Submit manuscript"}]},{"@type":"WebSite","@id":"https:\/\/www.nbc-journal.org\/#website","url":"https:\/\/www.nbc-journal.org\/","name":"Nova Biotechnologica et Chimica","description":"Scientific journal (ISSN 1338-6905, eISSN 1339-004X)","publisher":{"@id":"https:\/\/www.nbc-journal.org\/#organization"},"potentialAction":[{"@type":"SearchAction","target":{"@type":"EntryPoint","urlTemplate":"https:\/\/www.nbc-journal.org\/?s={search_term_string}"},"query-input":{"@type":"PropertyValueSpecification","valueRequired":true,"valueName":"search_term_string"}}],"inLanguage":"sk-SK"},{"@type":"Organization","@id":"https:\/\/www.nbc-journal.org\/#organization","name":"SciCell","url":"https:\/\/www.nbc-journal.org\/","logo":{"@type":"ImageObject","inLanguage":"sk-SK","@id":"https:\/\/www.nbc-journal.org\/#\/schema\/logo\/image\/","url":"https:\/\/www.nbc-journal.org\/wp-content\/uploads\/2020\/01\/cropped-logo.png","contentUrl":"https:\/\/www.nbc-journal.org\/wp-content\/uploads\/2020\/01\/cropped-logo.png","width":639,"height":295,"caption":"SciCell"},"image":{"@id":"https:\/\/www.nbc-journal.org\/#\/schema\/logo\/image\/"}}]}},"_links":{"self":[{"href":"https:\/\/www.nbc-journal.org\/index.php?rest_route=\/wp\/v2\/pages\/171","targetHints":{"allow":["GET"]}}],"collection":[{"href":"https:\/\/www.nbc-journal.org\/index.php?rest_route=\/wp\/v2\/pages"}],"about":[{"href":"https:\/\/www.nbc-journal.org\/index.php?rest_route=\/wp\/v2\/types\/page"}],"author":[{"embeddable":true,"href":"https:\/\/www.nbc-journal.org\/index.php?rest_route=\/wp\/v2\/users\/1"}],"replies":[{"embeddable":true,"href":"https:\/\/www.nbc-journal.org\/index.php?rest_route=%2Fwp%2Fv2%2Fcomments&post=171"}],"version-history":[{"count":3,"href":"https:\/\/www.nbc-journal.org\/index.php?rest_route=\/wp\/v2\/pages\/171\/revisions"}],"predecessor-version":[{"id":376,"href":"https:\/\/www.nbc-journal.org\/index.php?rest_route=\/wp\/v2\/pages\/171\/revisions\/376"}],"wp:attachment":[{"href":"https:\/\/www.nbc-journal.org\/index.php?rest_route=%2Fwp%2Fv2%2Fmedia&parent=171"}],"curies":[{"name":"wp","href":"https:\/\/api.w.org\/{rel}","templated":true}]}}